{"id":13577,"date":"2024-01-17T15:49:47","date_gmt":"2024-01-17T14:49:47","guid":{"rendered":"https:\/\/azud.com\/?page_id=13577"},"modified":"2024-01-17T17:19:19","modified_gmt":"2024-01-17T16:19:19","slug":"verifiez-originalite-azud","status":"publish","type":"page","link":"https:\/\/azud.com\/fr\/verifiez-originalite-azud\/","title":{"rendered":"V\u00e9rifiez l&rsquo;originalit\u00e9 de votre syst\u00e8me de filtration AZUD"},"content":{"rendered":"","protected":false},"excerpt":{"rendered":"","protected":false},"author":1,"featured_media":0,"parent":0,"menu_order":0,"comment_status":"closed","ping_status":"closed","template":"","meta":{"_acf_changed":false,"footnotes":""},"class_list":["post-13577","page","type-page","status-publish","hentry"],"acf":[],"_links":{"self":[{"href":"https:\/\/azud.com\/fr\/wp-json\/wp\/v2\/pages\/13577","targetHints":{"allow":["GET"]}}],"collection":[{"href":"https:\/\/azud.com\/fr\/wp-json\/wp\/v2\/pages"}],"about":[{"href":"https:\/\/azud.com\/fr\/wp-json\/wp\/v2\/types\/page"}],"author":[{"embeddable":true,"href":"https:\/\/azud.com\/fr\/wp-json\/wp\/v2\/users\/1"}],"replies":[{"embeddable":true,"href":"https:\/\/azud.com\/fr\/wp-json\/wp\/v2\/comments?post=13577"}],"version-history":[{"count":4,"href":"https:\/\/azud.com\/fr\/wp-json\/wp\/v2\/pages\/13577\/revisions"}],"predecessor-version":[{"id":13605,"href":"https:\/\/azud.com\/fr\/wp-json\/wp\/v2\/pages\/13577\/revisions\/13605"}],"wp:attachment":[{"href":"https:\/\/azud.com\/fr\/wp-json\/wp\/v2\/media?parent=13577"}],"curies":[{"name":"wp","href":"https:\/\/api.w.org\/{rel}","templated":true}]}}